{"id":46,"date":"2022-07-14T13:25:22","date_gmt":"2022-07-14T13:25:22","guid":{"rendered":"https:\/\/negozimobiliparma.it\/index.php\/services\/"},"modified":"2022-10-10T08:02:48","modified_gmt":"2022-10-10T08:02:48","slug":"negozi-mobili-como","status":"publish","type":"page","link":"https:\/\/negozimobiliparma.it\/","title":{"rendered":"Negozi di Mobili a Parma"},"content":{"rendered":"\t\t<div data-elementor-type=\"wp-page\" data-elementor-id=\"46\" class=\"elementor elementor-46\">\n\t\t\t\t\t\t<section class=\"elementor-section elementor-top-section elementor-element elementor-element-74e41411 elementor-section-height-min-height elementor-section-items-stretch elementor-section-content-middle elementor-section-boxed elementor-section-height-default\" data-id=\"74e41411\" data-element_type=\"section\" data-e-type=\"section\" data-settings=\"{&quot;background_background&quot;:&quot;classic&quot;}\">\n\t\t\t\t\t\t<div class=\"elementor-container elementor-column-gap-no\">\n\t\t\t\t\t<div class=\"elementor-column elementor-col-100 elementor-top-column elementor-element elementor-element-4ed8c7c5\" data-id=\"4ed8c7c5\" data-element_type=\"column\" data-e-type=\"column\">\n\t\t\t<div class=\"elementor-widget-wrap elementor-element-populated\">\n\t\t\t\t\t\t<div class=\"elementor-element elementor-element-3ca18a94 elementor-invisible elementor-widget elementor-widget-heading\" data-id=\"3ca18a94\" data-element_type=\"widget\" data-e-type=\"widget\" data-settings=\"{&quot;_animation&quot;:&quot;fadeIn&quot;}\" data-widget_type=\"heading.default\">\n\t\t\t\t<div class=\"elementor-widget-container\">\n\t\t\t\t\t<h1 class=\"elementor-heading-title elementor-size-default\">Negozi di mobili a parma<\/h1>\t\t\t\t<\/div>\n\t\t\t\t<\/div>\n\t\t\t\t<div class=\"elementor-element elementor-element-2bf8ca6c elementor-widget-divider--view-line elementor-invisible elementor-widget elementor-widget-divider\" data-id=\"2bf8ca6c\" data-element_type=\"widget\" data-e-type=\"widget\" data-settings=\"{&quot;_animation&quot;:&quot;fadeIn&quot;,&quot;_animation_delay&quot;:&quot;200&quot;}\" data-widget_type=\"divider.default\">\n\t\t\t\t<div class=\"elementor-widget-container\">\n\t\t\t\t\t\t\t<div class=\"elementor-divider\">\n\t\t\t<span class=\"elementor-divider-separator\">\n\t\t\t\t\t\t<\/span>\n\t\t<\/div>\n\t\t\t\t\t\t<\/div>\n\t\t\t\t<\/div>\n\t\t\t\t<div class=\"elementor-element elementor-element-47703f70 elementor-widget elementor-widget-text-editor\" data-id=\"47703f70\" data-element_type=\"widget\" data-e-type=\"widget\" data-widget_type=\"text-editor.default\">\n\t\t\t\t<div class=\"elementor-widget-container\">\n\t\t\t\t\t\t\t\t\t<p>Se desideri trovare un <strong>negozio di arredamento a Pavia<\/strong> dove poterti confrontare con i pi\u00f9 accreditati professionisti del settore design sei entrato nel portale giusto. Grazie alla vetrina online di <strong>NegoziMobiliDesign<\/strong> potrai individuare esclusivamente i migliori <strong>negozi di mobili di Pavia<\/strong> e provincia in cui operano team di <strong>interior designer<\/strong>, progettisti e architetti dal talento comprovato che potranno soddisfare ogni tua richiesta. Che tu debba <strong>arredare casa<\/strong> o avvalerti del lavoro di esperti per una <strong>ristrutturazione d&#8217;interni<\/strong>, nei negozi di mobili a Pavia visionabili nella gallery troverai la soluzione per ogni tuo progetto.<\/p>\t\t\t\t\t\t\t\t<\/div>\n\t\t\t\t<\/div>\n\t\t\t\t\t<\/div>\n\t\t<\/div>\n\t\t\t\t\t<\/div>\n\t\t<\/section>\n\t\t\t\t<section class=\"elementor-section elementor-top-section elementor-element elementor-element-4d4faf89 elementor-section-height-min-height elementor-section-content-middle elementor-section-full_width elementor-section-items-stretch elementor-section-height-default\" data-id=\"4d4faf89\" data-element_type=\"section\" data-e-type=\"section\">\n\t\t\t\t\t\t<div class=\"elementor-container elementor-column-gap-no\">\n\t\t\t\t\t<div class=\"elementor-column elementor-col-50 elementor-top-column elementor-element elementor-element-6ef072cd\" data-id=\"6ef072cd\" data-element_type=\"column\" data-e-type=\"column\" data-settings=\"{&quot;background_background&quot;:&quot;classic&quot;}\">\n\t\t\t<div class=\"elementor-widget-wrap elementor-element-populated\">\n\t\t\t\t\t\t<div class=\"elementor-element elementor-element-7e9a633 elementor-widget elementor-widget-spacer\" data-id=\"7e9a633\" data-element_type=\"widget\" data-e-type=\"widget\" data-widget_type=\"spacer.default\">\n\t\t\t\t<div class=\"elementor-widget-container\">\n\t\t\t\t\t\t\t<div class=\"elementor-spacer\">\n\t\t\t<div class=\"elementor-spacer-inner\"><\/div>\n\t\t<\/div>\n\t\t\t\t\t\t<\/div>\n\t\t\t\t<\/div>\n\t\t\t\t\t<\/div>\n\t\t<\/div>\n\t\t\t\t<div class=\"elementor-column elementor-col-50 elementor-top-column elementor-element elementor-element-4467a5e6\" data-id=\"4467a5e6\" data-element_type=\"column\" data-e-type=\"column\">\n\t\t\t<div class=\"elementor-widget-wrap elementor-element-populated\">\n\t\t\t\t\t\t<div class=\"elementor-element elementor-element-36edd231 elementor-widget-divider--view-line elementor-invisible elementor-widget elementor-widget-divider\" data-id=\"36edd231\" data-element_type=\"widget\" data-e-type=\"widget\" data-settings=\"{&quot;_animation&quot;:&quot;slideInRight&quot;}\" data-widget_type=\"divider.default\">\n\t\t\t\t<div class=\"elementor-widget-container\">\n\t\t\t\t\t\t\t<div class=\"elementor-divider\">\n\t\t\t<span class=\"elementor-divider-separator\">\n\t\t\t\t\t\t<\/span>\n\t\t<\/div>\n\t\t\t\t\t\t<\/div>\n\t\t\t\t<\/div>\n\t\t\t\t<div class=\"elementor-element elementor-element-5154b98a elementor-invisible elementor-widget elementor-widget-heading\" data-id=\"5154b98a\" data-element_type=\"widget\" data-e-type=\"widget\" id=\"interiorpainting\" data-settings=\"{&quot;_animation&quot;:&quot;fadeIn&quot;,&quot;_animation_delay&quot;:&quot;400&quot;}\" data-widget_type=\"heading.default\">\n\t\t\t\t<div class=\"elementor-widget-container\">\n\t\t\t\t\t<h3 class=\"elementor-heading-title elementor-size-default\">Rivenditori di mobili a Parma: visita gli showroom e scopri la citt\u00e0<\/h3>\t\t\t\t<\/div>\n\t\t\t\t<\/div>\n\t\t\t\t<div class=\"elementor-element elementor-element-65e1774b elementor-widget elementor-widget-text-editor\" data-id=\"65e1774b\" data-element_type=\"widget\" data-e-type=\"widget\" data-widget_type=\"text-editor.default\">\n\t\t\t\t<div class=\"elementor-widget-container\">\n\t\t\t\t\t\t\t\t\t<p>Hai scoperto il punto vendita a Parma perfetto per le tue necessit\u00e0? Chiama ora il negozio di mobili a Parma per fare subito il tuo ordine online. Se preferisci puoi anche andare in showroom di persona per toccare con mano la qualit\u00e0 di ogni mobile esposto online. Sul posto troverai ad attenderti i migliori professionisti del ramo dell\u2019arredamento d\u2019interni per ottenere una consulenza e per realizzare l\u2019arredamento che hai sempre voluto per la tua casa. Dopo la visita al negozio di mobili a Parma vai alla scoperta delle tante bellezze della citt\u00e0 come il Palazzo della Pilotta, il Battistero e la Cattedrale di Parma.<\/p>\t\t\t\t\t\t\t\t<\/div>\n\t\t\t\t<\/div>\n\t\t\t\t\t<\/div>\n\t\t<\/div>\n\t\t\t\t\t<\/div>\n\t\t<\/section>\n\t\t\t\t<section class=\"elementor-section elementor-top-section elementor-element elementor-element-59dfca88 elementor-section-height-min-height elementor-section-content-middle elementor-section-full_width elementor-section-items-stretch elementor-reverse-mobile elementor-section-height-default\" data-id=\"59dfca88\" data-element_type=\"section\" data-e-type=\"section\" id=\"exteriorpainting\">\n\t\t\t\t\t\t<div class=\"elementor-container elementor-column-gap-no\">\n\t\t\t\t\t<div class=\"elementor-column elementor-col-50 elementor-top-column elementor-element elementor-element-b2f2b89\" data-id=\"b2f2b89\" data-element_type=\"column\" data-e-type=\"column\">\n\t\t\t<div class=\"elementor-widget-wrap elementor-element-populated\">\n\t\t\t\t\t\t<div class=\"elementor-element elementor-element-11ccac27 elementor-widget-divider--view-line elementor-invisible elementor-widget elementor-widget-divider\" data-id=\"11ccac27\" data-element_type=\"widget\" data-e-type=\"widget\" data-settings=\"{&quot;_animation&quot;:&quot;slideInLeft&quot;}\" data-widget_type=\"divider.default\">\n\t\t\t\t<div class=\"elementor-widget-container\">\n\t\t\t\t\t\t\t<div class=\"elementor-divider\">\n\t\t\t<span class=\"elementor-divider-separator\">\n\t\t\t\t\t\t<\/span>\n\t\t<\/div>\n\t\t\t\t\t\t<\/div>\n\t\t\t\t<\/div>\n\t\t\t\t<div class=\"elementor-element elementor-element-dd9cb64 elementor-invisible elementor-widget elementor-widget-heading\" data-id=\"dd9cb64\" data-element_type=\"widget\" data-e-type=\"widget\" data-settings=\"{&quot;_animation&quot;:&quot;fadeIn&quot;,&quot;_animation_delay&quot;:&quot;400&quot;}\" data-widget_type=\"heading.default\">\n\t\t\t\t<div class=\"elementor-widget-container\">\n\t\t\t\t\t<h3 class=\"elementor-heading-title elementor-size-default\">I migliori negozi di mobili a Parma sono con NegoziMobiliDesign<\/h3>\t\t\t\t<\/div>\n\t\t\t\t<\/div>\n\t\t\t\t<div class=\"elementor-element elementor-element-66d602b7 elementor-widget elementor-widget-text-editor\" data-id=\"66d602b7\" data-element_type=\"widget\" data-e-type=\"widget\" data-widget_type=\"text-editor.default\">\n\t\t\t\t<div class=\"elementor-widget-container\">\n\t\t\t\t\t\t\t\t\t<p>Stai cercando un armadio battente di design? Vuoi ridare luce al look della tua zona living con soluzioni dal fascino esclusivo? Scova fra i negozi di mobili a Parma quello in sintonia con le tue richieste e prenota il tuo appuntamento. Nei negozi di mobili a Parma e provincia presenti sul nostro portale sono sempre al lavoro team di abili professionisti per consigliarti in ogni tua scelta.\u00a0 Quello trovi in ogni negozio di mobili a Parma e sempre disponibilit\u00e0 ed efficienza. Acquista il meglio del pi\u00f9 pregiato design e dai il tuo progetto ai pi\u00f9 esperti interior designer di questa zona.<\/p>\t\t\t\t\t\t\t\t<\/div>\n\t\t\t\t<\/div>\n\t\t\t\t<div class=\"elementor-element elementor-element-bdbbf69 elementor-align-center elementor-mobile-align-left elementor-widget elementor-widget-button\" data-id=\"bdbbf69\" data-element_type=\"widget\" data-e-type=\"widget\" data-widget_type=\"button.default\">\n\t\t\t\t<div class=\"elementor-widget-container\">\n\t\t\t\t\t\t\t\t\t<div class=\"elementor-button-wrapper\">\n\t\t\t\t\t<a class=\"elementor-button elementor-button-link elementor-size-sm\" href=\"https:\/\/www.negozimobilidesign.it\/negozi\/parma-64\/\" target=\"_blank\" rel=\"noopener\">\n\t\t\t\t\t\t<span class=\"elementor-button-content-wrapper\">\n\t\t\t\t\t\t\t\t\t<span class=\"elementor-button-text\">Guarda tutti i Rivenditori della provincia di parma<\/span>\n\t\t\t\t\t<\/span>\n\t\t\t\t\t<\/a>\n\t\t\t\t<\/div>\n\t\t\t\t\t\t\t\t<\/div>\n\t\t\t\t<\/div>\n\t\t\t\t\t<\/div>\n\t\t<\/div>\n\t\t\t\t<div class=\"elementor-column elementor-col-50 elementor-top-column elementor-element elementor-element-24a2d8ad\" data-id=\"24a2d8ad\" data-element_type=\"column\" data-e-type=\"column\" data-settings=\"{&quot;background_background&quot;:&quot;classic&quot;}\">\n\t\t\t<div class=\"elementor-widget-wrap elementor-element-populated\">\n\t\t\t\t\t\t<div class=\"elementor-element elementor-element-69a73236 elementor-widget elementor-widget-spacer\" data-id=\"69a73236\" data-element_type=\"widget\" data-e-type=\"widget\" data-widget_type=\"spacer.default\">\n\t\t\t\t<div class=\"elementor-widget-container\">\n\t\t\t\t\t\t\t<div class=\"elementor-spacer\">\n\t\t\t<div class=\"elementor-spacer-inner\"><\/div>\n\t\t<\/div>\n\t\t\t\t\t\t<\/div>\n\t\t\t\t<\/div>\n\t\t\t\t\t<\/div>\n\t\t<\/div>\n\t\t\t\t\t<\/div>\n\t\t<\/section>\n\t\t\t\t<section class=\"elementor-section elementor-top-section elementor-element elementor-element-4ee665c3 elementor-section-content-top elementor-section-boxed elementor-section-height-default elementor-section-height-default\" data-id=\"4ee665c3\" data-element_type=\"section\" data-e-type=\"section\">\n\t\t\t\t\t\t<div class=\"elementor-container elementor-column-gap-no\">\n\t\t\t\t\t<div class=\"elementor-column elementor-col-50 elementor-top-column elementor-element elementor-element-3ea52466\" data-id=\"3ea52466\" data-element_type=\"column\" data-e-type=\"column\">\n\t\t\t<div class=\"elementor-widget-wrap elementor-element-populated\">\n\t\t\t\t\t\t<div class=\"elementor-element elementor-element-1e549d9e elementor-widget elementor-widget-image\" data-id=\"1e549d9e\" data-element_type=\"widget\" data-e-type=\"widget\" data-widget_type=\"image.default\">\n\t\t\t\t<div class=\"elementor-widget-container\">\n\t\t\t\t\t\t\t\t\t\t\t\t\t\t\t<img decoding=\"async\" width=\"300\" height=\"60\" src=\"https:\/\/negozimobiliparma.it\/wp-content\/uploads\/2022\/07\/cropped-Logo-NMD.png\" class=\"attachment-medium size-medium wp-image-84\" alt=\"\" \/>\t\t\t\t\t\t\t\t\t\t\t\t\t\t\t<\/div>\n\t\t\t\t<\/div>\n\t\t\t\t<div class=\"elementor-element elementor-element-4d382d80 elementor-widget elementor-widget-text-editor\" data-id=\"4d382d80\" data-element_type=\"widget\" data-e-type=\"widget\" data-widget_type=\"text-editor.default\">\n\t\t\t\t<div class=\"elementor-widget-container\">\n\t\t\t\t\t\t\t\t\t<p>La piattaforma di riferimento per trovare tutti i migliori negozi di mobili di design. Cerca il negozio perfetto, nella provincia di tuo interesse, con le migliori marche del settore.<\/p>\t\t\t\t\t\t\t\t<\/div>\n\t\t\t\t<\/div>\n\t\t\t\t<div class=\"elementor-element elementor-element-1a237e53 elementor-shape-square e-grid-align-left e-grid-align-tablet-center elementor-grid-0 elementor-widget elementor-widget-social-icons\" data-id=\"1a237e53\" data-element_type=\"widget\" data-e-type=\"widget\" data-widget_type=\"social-icons.default\">\n\t\t\t\t<div class=\"elementor-widget-container\">\n\t\t\t\t\t\t\t<div class=\"elementor-social-icons-wrapper elementor-grid\" role=\"list\">\n\t\t\t\t\t\t\t<span class=\"elementor-grid-item\" role=\"listitem\">\n\t\t\t\t\t<a class=\"elementor-icon elementor-social-icon elementor-social-icon-facebook-f elementor-repeater-item-1a6c18d\" target=\"_blank\">\n\t\t\t\t\t\t<span class=\"elementor-screen-only\">Facebook-f<\/span>\n\t\t\t\t\t\t<i aria-hidden=\"true\" class=\"fab fa-facebook-f\"><\/i>\t\t\t\t\t<\/a>\n\t\t\t\t<\/span>\n\t\t\t\t\t\t\t<span class=\"elementor-grid-item\" role=\"listitem\">\n\t\t\t\t\t<a class=\"elementor-icon elementor-social-icon elementor-social-icon- elementor-repeater-item-3bf90e6\" target=\"_blank\">\n\t\t\t\t\t\t<span class=\"elementor-screen-only\"><\/span>\n\t\t\t\t\t\t<svg xmlns=\"http:\/\/www.w3.org\/2000\/svg\" id=\"f59e0fcf-1dab-4126-99fd-e4f385b10fdc\" data-name=\"Layer 1\" width=\"11.3905\" height=\"11.3905\" viewBox=\"0 0 11.3905 11.3905\"><path d=\"M5.0168.1924a5,5,0,0,0-5,5V6.5829a5,5,0,0,0,5,5H6.4074a5,5,0,0,0,5-5V5.1924a5,5,0,0,0-5-5ZM9.0154,3.3815a.7974.7974,0,1,0-.7973-.7973A.7974.7974,0,0,0,9.0154,3.3815ZM7.7623,5.8877a2.05,2.05,0,1,0-2.05,2.05A2.05,2.05,0,0,0,7.7623,5.8877Zm-2.05-2.9618A2.9616,2.9616,0,1,0,8.6737,5.8875,2.9617,2.9617,0,0,0,5.7122,2.9259Z\" transform=\"translate(-0.0168 -0.1924)\" style=\"fill-rule:evenodd\"><\/path><\/svg>\t\t\t\t\t<\/a>\n\t\t\t\t<\/span>\n\t\t\t\t\t\t\t<span class=\"elementor-grid-item\" role=\"listitem\">\n\t\t\t\t\t<a class=\"elementor-icon elementor-social-icon elementor-social-icon-twitter elementor-repeater-item-15a0ac6\" target=\"_blank\">\n\t\t\t\t\t\t<span class=\"elementor-screen-only\">Twitter<\/span>\n\t\t\t\t\t\t<i aria-hidden=\"true\" class=\"fab fa-twitter\"><\/i>\t\t\t\t\t<\/a>\n\t\t\t\t<\/span>\n\t\t\t\t\t<\/div>\n\t\t\t\t\t\t<\/div>\n\t\t\t\t<\/div>\n\t\t\t\t\t<\/div>\n\t\t<\/div>\n\t\t\t\t<div class=\"elementor-column elementor-col-50 elementor-top-column elementor-element elementor-element-d064ee2\" data-id=\"d064ee2\" data-element_type=\"column\" data-e-type=\"column\">\n\t\t\t<div class=\"elementor-widget-wrap elementor-element-populated\">\n\t\t\t\t\t\t<div class=\"elementor-element elementor-element-430dd584 elementor-widget elementor-widget-heading\" data-id=\"430dd584\" data-element_type=\"widget\" data-e-type=\"widget\" data-widget_type=\"heading.default\">\n\t\t\t\t<div class=\"elementor-widget-container\">\n\t\t\t\t\t<h5 class=\"elementor-heading-title elementor-size-default\">Guarda le offerte<\/h5>\t\t\t\t<\/div>\n\t\t\t\t<\/div>\n\t\t\t\t<div class=\"elementor-element elementor-element-529625 elementor-mobile-align-center elementor-align-center elementor-icon-list--layout-traditional elementor-list-item-link-full_width elementor-widget elementor-widget-icon-list\" data-id=\"529625\" data-element_type=\"widget\" data-e-type=\"widget\" data-widget_type=\"icon-list.default\">\n\t\t\t\t<div class=\"elementor-widget-container\">\n\t\t\t\t\t\t\t<ul class=\"elementor-icon-list-items\">\n\t\t\t\t\t\t\t<li class=\"elementor-icon-list-item\">\n\t\t\t\t\t\t\t\t\t\t\t<a href=\"https:\/\/www.negozimobilidesign.it\/negozi\/parma-64\/\" target=\"_blank\" rel=\"noopener\">\n\n\t\t\t\t\t\t\t\t\t\t\t<span class=\"elementor-icon-list-text\">Negozi Mobili a Parma<\/span>\n\t\t\t\t\t\t\t\t\t\t\t<\/a>\n\t\t\t\t\t\t\t\t\t<\/li>\n\t\t\t\t\t\t\t\t<li class=\"elementor-icon-list-item\">\n\t\t\t\t\t\t\t\t\t\t\t<a href=\"https:\/\/negozimobiliparma.it\/index.php\/chi-siamo\/\">\n\n\t\t\t\t\t\t\t\t\t\t\t<span class=\"elementor-icon-list-text\">Chi Siamo<\/span>\n\t\t\t\t\t\t\t\t\t\t\t<\/a>\n\t\t\t\t\t\t\t\t\t<\/li>\n\t\t\t\t\t\t<\/ul>\n\t\t\t\t\t\t<\/div>\n\t\t\t\t<\/div>\n\t\t\t\t\t<\/div>\n\t\t<\/div>\n\t\t\t\t\t<\/div>\n\t\t<\/section>\n\t\t\t\t<\/div>\n\t\t","protected":false},"excerpt":{"rendered":"<p>Negozi di mobili a parma Se desideri trovare un negozio di arredamento a Pavia dove poterti confrontare con i pi\u00f9 accreditati professionisti del settore design sei entrato nel portale giusto. Grazie alla vetrina online di NegoziMobiliDesign potrai individuare esclusivamente i migliori negozi di mobili di Pavia e provincia in cui operano team di interior designer, [&hellip;]<\/p>\n","protected":false},"author":1,"featured_media":0,"parent":0,"menu_order":0,"comment_status":"closed","ping_status":"closed","template":"","meta":{"footnotes":""},"class_list":["post-46","page","type-page","status-publish","hentry"],"_links":{"self":[{"href":"https:\/\/negozimobiliparma.it\/index.php\/wp-json\/wp\/v2\/pages\/46","targetHints":{"allow":["GET"]}}],"collection":[{"href":"https:\/\/negozimobiliparma.it\/index.php\/wp-json\/wp\/v2\/pages"}],"about":[{"href":"https:\/\/negozimobiliparma.it\/index.php\/wp-json\/wp\/v2\/types\/page"}],"author":[{"embeddable":true,"href":"https:\/\/negozimobiliparma.it\/index.php\/wp-json\/wp\/v2\/users\/1"}],"replies":[{"embeddable":true,"href":"https:\/\/negozimobiliparma.it\/index.php\/wp-json\/wp\/v2\/comments?post=46"}],"version-history":[{"count":71,"href":"https:\/\/negozimobiliparma.it\/index.php\/wp-json\/wp\/v2\/pages\/46\/revisions"}],"predecessor-version":[{"id":191,"href":"https:\/\/negozimobiliparma.it\/index.php\/wp-json\/wp\/v2\/pages\/46\/revisions\/191"}],"wp:attachment":[{"href":"https:\/\/negozimobiliparma.it\/index.php\/wp-json\/wp\/v2\/media?parent=46"}],"curies":[{"name":"wp","href":"https:\/\/api.w.org\/{rel}","templated":true}]}}